{"id":158,"date":"2024-02-06T16:33:45","date_gmt":"2024-02-06T15:33:45","guid":{"rendered":"https:\/\/camping-roquelongue.c7s.net\/?page_id=158"},"modified":"2024-02-06T17:35:06","modified_gmt":"2024-02-06T16:35:06","slug":"home","status":"publish","type":"page","link":"https:\/\/camping-roquelongue.c7s.net\/","title":{"rendered":"Home"},"content":{"rendered":"\n<div class=\"wp-block-group basal-fse-images-box-section has-secondary-background-color has-background is-layout-constrained wp-container-core-group-is-layout-a2df107d wp-block-group-is-layout-constrained\" style=\"margin-top:var(--wp--preset--spacing--50);margin-bottom:var(--wp--preset--spacing--50);padding-top:var(--wp--preset--spacing--50);padding-right:15px;padding-bottom:var(--wp--preset--spacing--50);padding-left:15px\">\n<div class=\"wp-block-columns is-layout-flex wp-container-core-columns-is-layout-d036739e wp-block-columns-is-layout-flex\" style=\"border-bottom-color:var(--wp--preset--color--foreground);border-bottom-width:1px;padding-top:0px;padding-bottom:0px\">\n<div class=\"wp-block-column is-layout-flow wp-block-column-is-layout-flow\">\n<h2 class=\"wp-block-heading\">En Aveyron, en bord de rivi\u00e8re, dans la vall\u00e9e du Lot<\/h2>\n<\/div>\n<\/div>\n\n\n\n<h3 class=\"wp-block-heading\">In Occitanie, dans l&#8217;Aveyron, le camping Roquelongue est ouvert toute l&#8217;ann\u00e9e<\/h3>\n\n\n\n<p>Dans le d\u00e9partement Aveyron, en Occitanie, le camping de Roquelongue class\u00e9 3 \u00e9toiles vous accueille toute l&#8217;ann\u00e9e dans un site verdoyant \u00e0 la campagne. Situ\u00e9 le long de la rivi\u00e8re LOT dont les berges sont en acc\u00e8s direct, il dispose sur 3,5 Ha de 66 emplacements spacieux et d\u00e9limit\u00e9s par des haies champ\u00eatres, de mobil-home et chalets enti\u00e8rement \u00e9quip\u00e9s et d&#8217;une base de loisirs. Proche du Cantal et du Lot, de Parc Naturel R\u00e9gionaux (Aubrac, Larzac), de plusieurs villages class\u00e9s &#8220;Plus Beau Village De France&#8221; et de grands sites r\u00e9put\u00e9s (Conques,Bozouls,\u2026, il vous offre un large choix de visites, d&#8217;activit\u00e9s sportives et ludiques. Nombreux d\u00e9parts de sentiers de randonn\u00e9e.<\/p>\n\n\n\n<p>Le camping est situ\u00e9, \u00e0 5 km de Decazeville, entre Rodez et Figeac.<\/p>\n\n\n\n<p>A 15 minutes de la station Thermale de Cransac, le camping de Roquelongue propose aux curistes des locations de mobil-home ou chalet \u00e0 des tarifs privil\u00e9gi\u00e9s. Cliquez pour (voir Offres Curistes) .<\/p>\n\n\n\n<p>A 500 m du GR65, le camping offre aux p\u00e9lerins sur le chemin de St Jacques de Compostelle des conditions pr\u00e9f\u00e9rentielles pour l&#8217;h\u00e9bergement et la restauration . Cliquez pour (Voir Tarifs Randonneurs)<\/p>\n\n\n\n<p>Agr\u00e9\u00e9 VACAF ; le camping permet aux familles allocataires d&#8217;all\u00e9ger le co\u00fbt de leur s\u00e9jour en location ou sur un emplacement. Cliquez pour (plus de renseignements)<\/p>\n\n\n\n<p>Les + : En bord et acc\u00e8s direct \u00e0 la rivi\u00e8re, p\u00eache, wifi gratuit, animaux accept\u00e9s, piscine chauff\u00e9e de mi-juin \u00e0 mi-septembre. En saison : bar-glaces-snack et service pain frais, viennoiserie.<\/p>\n<\/div>\n\n\n\n<div class=\"wp-block-uagb-container uagb-block-b21e0fcb alignwide uagb-is-root-container\">\n\t\t\t\t\t<div\n\t\t\t\t\t\tclass=\"wp-block-uagb-image-gallery uagb-block-6163d806     \"\n\t\t\t\t\t\tstyle=\"\"\n\t\t\t\t\t>\n\t\t\t\t\t\t\t\t\t\t\t<div class=\"spectra-image-gallery spectra-image-gallery__layout--carousel\">\n\t\t\t\t\t\t\t\t<div class=\"uagb-slick-carousel uagb-block-6163d806\">\n\t\t\t\t\t\t\t\t\t\t\t\t<div class='spectra-image-gallery__media-wrapper' data-spectra-gallery-image-id='141'>\n\t\t\t\t\t\t\t<div class=\"spectra-image-gallery__media spectra-image-gallery__media--carousel\">\n\t\t\t\t<picture>\n\t\t\t\t\t<source media=\"(min-width: 1024px)\" srcset=\"https:\/\/camping-roquelongue.c7s.net\/wp-content\/uploads\/2024\/02\/BALARIO-1024x768.jpg\">\n\t\t\t\t\t<source media=\"(min-width: 768px)\" srcset=\"https:\/\/camping-roquelongue.c7s.net\/wp-content\/uploads\/2024\/02\/BALARIO-1024x768.jpg\">\n\t\t\t\t\t<img decoding=\"async\" class=\"spectra-image-gallery__media-thumbnail spectra-image-gallery__media-thumbnail--carousel\" src=\"https:\/\/camping-roquelongue.c7s.net\/wp-content\/uploads\/2024\/02\/BALARIO-300x225.jpg\" alt=\"\" \/>\n\t\t\t\t<\/picture>\n\t\t\t\t<div class=\"spectra-image-gallery__media-thumbnail-blurrer\"><\/div>\n\t\t\t\t\t\t\t\t\t\t\t<div class=\"spectra-image-gallery__media-thumbnail-caption-wrapper spectra-image-gallery__media-thumbnail-caption-wrapper--overlay\"><\/div>\n\t\t\t\t\t\t\t\t<\/div>\n\t\t\t\t\t\t<\/div>\n\t\t\t\t\t\t<div class='spectra-image-gallery__media-wrapper' data-spectra-gallery-image-id='140'>\n\t\t\t\t\t\t\t<div class=\"spectra-image-gallery__media spectra-image-gallery__media--carousel\">\n\t\t\t\t<picture>\n\t\t\t\t\t<source media=\"(min-width: 1024px)\" srcset=\"https:\/\/camping-roquelongue.c7s.net\/wp-content\/uploads\/2024\/02\/WATIPI-1024x768.jpg\">\n\t\t\t\t\t<source media=\"(min-width: 768px)\" srcset=\"https:\/\/camping-roquelongue.c7s.net\/wp-content\/uploads\/2024\/02\/WATIPI-1024x768.jpg\">\n\t\t\t\t\t<img decoding=\"async\" class=\"spectra-image-gallery__media-thumbnail spectra-image-gallery__media-thumbnail--carousel\" src=\"https:\/\/camping-roquelongue.c7s.net\/wp-content\/uploads\/2024\/02\/WATIPI-300x225.jpg\" alt=\"\" \/>\n\t\t\t\t<\/picture>\n\t\t\t\t<div class=\"spectra-image-gallery__media-thumbnail-blurrer\"><\/div>\n\t\t\t\t\t\t\t\t\t\t\t<div class=\"spectra-image-gallery__media-thumbnail-caption-wrapper spectra-image-gallery__media-thumbnail-caption-wrapper--overlay\"><\/div>\n\t\t\t\t\t\t\t\t<\/div>\n\t\t\t\t\t\t<\/div>\n\t\t\t\t\t\t<div class='spectra-image-gallery__media-wrapper' data-spectra-gallery-image-id='139'>\n\t\t\t\t\t\t\t<div class=\"spectra-image-gallery__media spectra-image-gallery__media--carousel\">\n\t\t\t\t<picture>\n\t\t\t\t\t<source media=\"(min-width: 1024px)\" srcset=\"https:\/\/camping-roquelongue.c7s.net\/wp-content\/uploads\/2024\/02\/TITANIA-1024x768.jpg\">\n\t\t\t\t\t<source media=\"(min-width: 768px)\" srcset=\"https:\/\/camping-roquelongue.c7s.net\/wp-content\/uploads\/2024\/02\/TITANIA-1024x768.jpg\">\n\t\t\t\t\t<img decoding=\"async\" class=\"spectra-image-gallery__media-thumbnail spectra-image-gallery__media-thumbnail--carousel\" src=\"https:\/\/camping-roquelongue.c7s.net\/wp-content\/uploads\/2024\/02\/TITANIA-300x225.jpg\" alt=\"\" \/>\n\t\t\t\t<\/picture>\n\t\t\t\t<div class=\"spectra-image-gallery__media-thumbnail-blurrer\"><\/div>\n\t\t\t\t\t\t\t\t\t\t\t<div class=\"spectra-image-gallery__media-thumbnail-caption-wrapper spectra-image-gallery__media-thumbnail-caption-wrapper--overlay\"><\/div>\n\t\t\t\t\t\t\t\t<\/div>\n\t\t\t\t\t\t<\/div>\n\t\t\t\t\t\t<div class='spectra-image-gallery__media-wrapper' data-spectra-gallery-image-id='138'>\n\t\t\t\t\t\t\t<div class=\"spectra-image-gallery__media spectra-image-gallery__media--carousel\">\n\t\t\t\t<picture>\n\t\t\t\t\t<source media=\"(min-width: 1024px)\" srcset=\"https:\/\/camping-roquelongue.c7s.net\/wp-content\/uploads\/2024\/02\/SUPER-VENUS-1024x768.jpg\">\n\t\t\t\t\t<source media=\"(min-width: 768px)\" srcset=\"https:\/\/camping-roquelongue.c7s.net\/wp-content\/uploads\/2024\/02\/SUPER-VENUS-1024x768.jpg\">\n\t\t\t\t\t<img decoding=\"async\" class=\"spectra-image-gallery__media-thumbnail spectra-image-gallery__media-thumbnail--carousel\" src=\"https:\/\/camping-roquelongue.c7s.net\/wp-content\/uploads\/2024\/02\/SUPER-VENUS-300x225.jpg\" alt=\"\" \/>\n\t\t\t\t<\/picture>\n\t\t\t\t<div class=\"spectra-image-gallery__media-thumbnail-blurrer\"><\/div>\n\t\t\t\t\t\t\t\t\t\t\t<div class=\"spectra-image-gallery__media-thumbnail-caption-wrapper spectra-image-gallery__media-thumbnail-caption-wrapper--overlay\"><\/div>\n\t\t\t\t\t\t\t\t<\/div>\n\t\t\t\t\t\t<\/div>\n\t\t\t\t\t\t<div class='spectra-image-gallery__media-wrapper' data-spectra-gallery-image-id='135'>\n\t\t\t\t\t\t\t<div class=\"spectra-image-gallery__media spectra-image-gallery__media--carousel\">\n\t\t\t\t<picture>\n\t\t\t\t\t<source media=\"(min-width: 1024px)\" srcset=\"https:\/\/camping-roquelongue.c7s.net\/wp-content\/uploads\/2024\/02\/EMPLACEMENT-SIMPLE-1024x768.jpg\">\n\t\t\t\t\t<source media=\"(min-width: 768px)\" srcset=\"https:\/\/camping-roquelongue.c7s.net\/wp-content\/uploads\/2024\/02\/EMPLACEMENT-SIMPLE-1024x768.jpg\">\n\t\t\t\t\t<img decoding=\"async\" class=\"spectra-image-gallery__media-thumbnail spectra-image-gallery__media-thumbnail--carousel\" src=\"https:\/\/camping-roquelongue.c7s.net\/wp-content\/uploads\/2024\/02\/EMPLACEMENT-SIMPLE-300x225.jpg\" alt=\"\" \/>\n\t\t\t\t<\/picture>\n\t\t\t\t<div class=\"spectra-image-gallery__media-thumbnail-blurrer\"><\/div>\n\t\t\t\t\t\t\t\t\t\t\t<div class=\"spectra-image-gallery__media-thumbnail-caption-wrapper spectra-image-gallery__media-thumbnail-caption-wrapper--overlay\"><\/div>\n\t\t\t\t\t\t\t\t<\/div>\n\t\t\t\t\t\t<\/div>\n\t\t\t\t\t\t<div class='spectra-image-gallery__media-wrapper' data-spectra-gallery-image-id='134'>\n\t\t\t\t\t\t\t<div class=\"spectra-image-gallery__media spectra-image-gallery__media--carousel\">\n\t\t\t\t<picture>\n\t\t\t\t\t<source media=\"(min-width: 1024px)\" srcset=\"https:\/\/camping-roquelongue.c7s.net\/wp-content\/uploads\/2024\/02\/EMPLACEMENT-DOUBLE-1024x768.jpg\">\n\t\t\t\t\t<source media=\"(min-width: 768px)\" srcset=\"https:\/\/camping-roquelongue.c7s.net\/wp-content\/uploads\/2024\/02\/EMPLACEMENT-DOUBLE-1024x768.jpg\">\n\t\t\t\t\t<img decoding=\"async\" class=\"spectra-image-gallery__media-thumbnail spectra-image-gallery__media-thumbnail--carousel\" src=\"https:\/\/camping-roquelongue.c7s.net\/wp-content\/uploads\/2024\/02\/EMPLACEMENT-DOUBLE-300x225.jpg\" alt=\"\" \/>\n\t\t\t\t<\/picture>\n\t\t\t\t<div class=\"spectra-image-gallery__media-thumbnail-blurrer\"><\/div>\n\t\t\t\t\t\t\t\t\t\t\t<div class=\"spectra-image-gallery__media-thumbnail-caption-wrapper spectra-image-gallery__media-thumbnail-caption-wrapper--overlay\"><\/div>\n\t\t\t\t\t\t\t\t<\/div>\n\t\t\t\t\t\t<\/div>\n\t\t\t\t\t\t<div class='spectra-image-gallery__media-wrapper' data-spectra-gallery-image-id='118'>\n\t\t\t\t\t\t\t<div class=\"spectra-image-gallery__media spectra-image-gallery__media--carousel\">\n\t\t\t\t<picture>\n\t\t\t\t\t<source media=\"(min-width: 1024px)\" srcset=\"https:\/\/camping-roquelongue.c7s.net\/wp-content\/uploads\/2024\/01\/CANOE-1024x768.jpeg\">\n\t\t\t\t\t<source media=\"(min-width: 768px)\" srcset=\"https:\/\/camping-roquelongue.c7s.net\/wp-content\/uploads\/2024\/01\/CANOE-1024x768.jpeg\">\n\t\t\t\t\t<img decoding=\"async\" class=\"spectra-image-gallery__media-thumbnail spectra-image-gallery__media-thumbnail--carousel\" src=\"https:\/\/camping-roquelongue.c7s.net\/wp-content\/uploads\/2024\/01\/CANOE-300x225.jpeg\" alt=\"\" \/>\n\t\t\t\t<\/picture>\n\t\t\t\t<div class=\"spectra-image-gallery__media-thumbnail-blurrer\"><\/div>\n\t\t\t\t\t\t\t\t\t\t\t<div class=\"spectra-image-gallery__media-thumbnail-caption-wrapper spectra-image-gallery__media-thumbnail-caption-wrapper--overlay\"><\/div>\n\t\t\t\t\t\t\t\t<\/div>\n\t\t\t\t\t\t<\/div>\n\t\t\t\t\t\t\t\t\t\t\t<\/div>\n\t\t\t\t\t\t\t<\/div>\n\t\t\t\t\t\t\t\t\t\t\t<\/div>\n\t\t\t\t\t\t\t\t\t\n<\/div>\n\n\n\n<div class=\"wp-block-group basal-fse-images-box-section has-secondary-background-color has-background is-layout-constrained wp-container-core-group-is-layout-dfd4c83f wp-block-group-is-layout-constrained\" style=\"padding-top:var(--wp--preset--spacing--50);padding-right:15px;padding-bottom:var(--wp--preset--spacing--50);padding-left:15px\">\n<h2 class=\"wp-block-heading has-text-align-center\">Rivi\u00e8re et piscine<br>Pour de bonnes vacances nature<\/h2>\n\n\n\n<div class=\"wp-block-columns is-layout-flex wp-container-core-columns-is-layout-d036739e wp-block-columns-is-layout-flex\" style=\"border-bottom-color:var(--wp--preset--color--foreground);border-bottom-width:1px;padding-top:0px;padding-bottom:0px\">\n<div class=\"wp-block-column is-layout-flow wp-block-column-is-layout-flow\">\n<div class=\"wp-block-group basal-fse-image-box is-layout-constrained wp-block-group-is-layout-constrained\">\n<figure class=\"wp-block-image aligncenter size-full\"><img loading=\"lazy\" decoding=\"async\" width=\"154\" height=\"154\" src=\"https:\/\/camping-roquelongue.c7s.net\/wp-content\/uploads\/2024\/01\/section1-img1.png\" alt=\"\" class=\"wp-image-49\" srcset=\"https:\/\/camping-roquelongue.c7s.net\/wp-content\/uploads\/2024\/01\/section1-img1.png 154w, https:\/\/camping-roquelongue.c7s.net\/wp-content\/uploads\/2024\/01\/section1-img1-150x150.png 150w\" sizes=\"auto, (max-width: 154px) 100vw, 154px\" \/><\/figure>\n\n\n\n<h4 class=\"wp-block-heading has-text-align-center\" style=\"padding-top:15px;padding-bottom:20px;font-size:22px;font-style:normal;font-weight:500\">Le Camping<br><\/h4>\n\n\n\n<p class=\"has-text-align-left\" style=\"font-size:17px\">En Occitanie dans le d\u00e9partement de l&#8217; Aveyron, le camping familial le Roquelongue 3 \u00e9toiles est id\u00e9al pour ceux qui appr\u00e9cient le calme \u00e0 la campagne. Parfaitement int\u00e9gr\u00e9 dans le cadre naturel entre for\u00eat et rivi\u00e8re, il est ouvert toute l&#8217;ann\u00e9e. Devant&nbsp;les berges du Lot, vous y trouverez des emplacements spacieux de 90 \u00e0 200 m\u00b2, d\u00e9limit\u00e9s par des haies champ\u00eatres vari\u00e9es et fleuries, ombrag\u00e9s ou ensoleill\u00e9s.<br>&nbsp;Egalement des locations : de mobil-home et chalets enti\u00e8rement \u00e9quip\u00e9s.&nbsp;<br>C\u00f4t\u00e9 services pour votre confort : bar-snack, \u00e9picerie, service de pain frais et viennoiseries, machine \u00e0 laver, wi-fi gratuit, salle TV.<br>Animaux accept\u00e9s.&nbsp;<br><em><strong><a href=\"https:\/\/camping-roquelongue.com\/camping-agree-vacaf-en-aveyron.html\">Agr\u00e9\u00e9 VACAF<\/a> <\/strong><\/em>et ch\u00e9ques vacances ANCV<br>Commerces de proximit\u00e9 \u00e0 1,5 km ; Decazeville \u00e0 5 km.&nbsp;<\/p>\n<\/div>\n<\/div>\n\n\n\n<div class=\"wp-block-column is-layout-flow wp-block-column-is-layout-flow\">\n<div class=\"wp-block-group basal-fse-image-box is-layout-constrained wp-block-group-is-layout-constrained\">\n<figure class=\"wp-block-image aligncenter size-full\"><img loading=\"lazy\" decoding=\"async\" width=\"154\" height=\"154\" src=\"https:\/\/camping-roquelongue.c7s.net\/wp-content\/uploads\/2024\/01\/section1-img2.png\" alt=\"\" class=\"wp-image-50\" srcset=\"https:\/\/camping-roquelongue.c7s.net\/wp-content\/uploads\/2024\/01\/section1-img2.png 154w, https:\/\/camping-roquelongue.c7s.net\/wp-content\/uploads\/2024\/01\/section1-img2-150x150.png 150w\" sizes=\"auto, (max-width: 154px) 100vw, 154px\" \/><\/figure>\n\n\n\n<h4 class=\"wp-block-heading has-text-align-center\" style=\"padding-top:15px;padding-bottom:20px;font-size:22px;font-style:normal;font-weight:500\">Activit\u00e9s<br>Animations<\/h4>\n\n\n\n<p class=\"has-text-align-left\" style=\"font-size:17px\">Le camping de Roquelongue offre \u00e0 toute la famille de nombreux \u00e9quipements pour r\u00e9pondre au mieux aux attentes et besoins des adultes, enfants et ados : une piscine chauff\u00e9e de juin \u00e0 septembre et sa pataugeoire, 400m de berges engazonn\u00e9es et arbor\u00e9es pour la p\u00eache et la d\u00e9tente, des can\u00f6\u00e9s, kayaks et p\u00e9dalo pour naviguer sur la rivi\u00e8re Lot ; court de tennis, terrain de p\u00e9tanque, tables de ping-pong, aire de jeux, trampoline et ch\u00e2teau gonflable.<\/p>\n\n\n\n<p class=\"has-text-align-left\" style=\"font-size:17px\">En juillet et ao\u00fbt, animations pour enfants et adultes.<\/p>\n\n\n\n<p class=\"has-text-align-left\" style=\"font-size:17px\">Proche de nombreux lieux d&#8217;activit\u00e9s ludiques ou sportives : centre \u00e9questres, sport d&#8217;eau-vive, accrobranche\u2026<\/p>\n<\/div>\n<\/div>\n\n\n\n<div class=\"wp-block-column is-layout-flow wp-block-column-is-layout-flow\">\n<div class=\"wp-block-group basal-fse-image-box is-layout-constrained wp-block-group-is-layout-constrained\">\n<figure class=\"wp-block-image aligncenter size-full\"><img loading=\"lazy\" decoding=\"async\" width=\"154\" height=\"154\" src=\"https:\/\/camping-roquelongue.c7s.net\/wp-content\/uploads\/2024\/01\/section1-img3.png\" alt=\"\" class=\"wp-image-51\" srcset=\"https:\/\/camping-roquelongue.c7s.net\/wp-content\/uploads\/2024\/01\/section1-img3.png 154w, https:\/\/camping-roquelongue.c7s.net\/wp-content\/uploads\/2024\/01\/section1-img3-150x150.png 150w\" sizes=\"auto, (max-width: 154px) 100vw, 154px\" \/><\/figure>\n\n\n\n<h4 class=\"wp-block-heading has-text-align-center\" style=\"padding-top:15px;padding-bottom:20px;font-size:22px;font-style:normal;font-weight:500\">Les visites<br><\/h4>\n\n\n\n<p class=\"has-text-align-left\" style=\"font-size:17px\">Situ\u00e9 au NO de l&#8217;Aveyron, aux confins du Cantal et du Lot, dans la r\u00e9gion Occitanie, le camping de Roquelongue est une plaque tournante de laquelle vous pourrez organiser de nombreuses visites de village class\u00e9s &#8221; Plus Beau Village de France&#8221;, (Conques, Najac, Belcastel\u2026), des circuits en voiture, en v\u00e9lo ou \u00e0 pied (GR65 \u2026). Nombreux sentiers de randonn\u00e9e (d\u00e9part du camping ou dans un rayon de 10 km).<\/p>\n\n\n\n<p class=\"has-text-align-left\" style=\"font-size:17px\">A d\u00e9couvrir, dans des sites naturels pr\u00e9serv\u00e9s (Bozoul), de nombreux ch\u00e2teaux (Belcastel, Estaing, Najac\u2026), grottes et gouffres, (Padirac, Foissac\u2026), des villages en pierres, des toits en lauze \u2026 .Tout ce qui fait l&#8217;authenticit\u00e9 du charme de la vall\u00e9e du Lot en Aveyron.<\/p>\n<\/div>\n<\/div>\n<\/div>\n<\/div>\n","protected":false},"excerpt":{"rendered":"<p>En Aveyron, en bord de rivi\u00e8re, dans la vall\u00e9e du Lot In Occitanie, dans l&#8217;Aveyron, le camping Roquelongue est ouvert toute l&#8217;ann\u00e9e Dans le d\u00e9partement Aveyron, en Occitanie, le camping de Roquelongue class\u00e9 3 \u00e9toiles vous accueille toute l&#8217;ann\u00e9e dans un site verdoyant \u00e0 la campagne. Situ\u00e9 le long de la rivi\u00e8re LOT dont les [&hellip;]<\/p>\n","protected":false},"author":1,"featured_media":0,"parent":0,"menu_order":0,"comment_status":"closed","ping_status":"closed","template":"wp-custom-template-page-d-accueil-en","meta":{"_uag_custom_page_level_css":"","_locale":"en_GB","_original_post":"https:\/\/camping-roquelongue.c7s.net\/?page_id=98","footnotes":""},"class_list":["post-158","page","type-page","status-publish","hentry","en-GB"],"uagb_featured_image_src":{"full":false,"thumbnail":false,"medium":false,"medium_large":false,"large":false,"1536x1536":false,"2048x2048":false},"uagb_author_info":{"display_name":"admin","author_link":"https:\/\/camping-roquelongue.c7s.net\/author\/admin\/"},"uagb_comment_info":0,"uagb_excerpt":"En Aveyron, en bord de rivi\u00e8re, dans la vall\u00e9e du Lot In Occitanie, dans l&#8217;Aveyron, le camping Roquelongue est ouvert toute l&#8217;ann\u00e9e Dans le d\u00e9partement Aveyron, en Occitanie, le camping de Roquelongue class\u00e9 3 \u00e9toiles vous accueille toute l&#8217;ann\u00e9e dans un site verdoyant \u00e0 la campagne. Situ\u00e9 le long de la rivi\u00e8re LOT dont les&hellip;","_links":{"self":[{"href":"https:\/\/camping-roquelongue.c7s.net\/wp-json\/wp\/v2\/pages\/158","targetHints":{"allow":["GET"]}}],"collection":[{"href":"https:\/\/camping-roquelongue.c7s.net\/wp-json\/wp\/v2\/pages"}],"about":[{"href":"https:\/\/camping-roquelongue.c7s.net\/wp-json\/wp\/v2\/types\/page"}],"author":[{"embeddable":true,"href":"https:\/\/camping-roquelongue.c7s.net\/wp-json\/wp\/v2\/users\/1"}],"replies":[{"embeddable":true,"href":"https:\/\/camping-roquelongue.c7s.net\/wp-json\/wp\/v2\/comments?post=158"}],"version-history":[{"count":2,"href":"https:\/\/camping-roquelongue.c7s.net\/wp-json\/wp\/v2\/pages\/158\/revisions"}],"predecessor-version":[{"id":189,"href":"https:\/\/camping-roquelongue.c7s.net\/wp-json\/wp\/v2\/pages\/158\/revisions\/189"}],"wp:attachment":[{"href":"https:\/\/camping-roquelongue.c7s.net\/wp-json\/wp\/v2\/media?parent=158"}],"curies":[{"name":"wp","href":"https:\/\/api.w.org\/{rel}","templated":true}]}}